{"id":255,"date":"2023-01-26T09:22:58","date_gmt":"2023-01-26T09:22:58","guid":{"rendered":"https:\/\/www.sergiohidalgo.site\/?page_id=255"},"modified":"2023-01-26T09:41:53","modified_gmt":"2023-01-26T09:41:53","slug":"mejores-listas-de-reproduccion-de-youtube","status":"publish","type":"page","link":"https:\/\/www.sergiohidalgo.site\/index.php\/mejores-listas-de-reproduccion-de-youtube\/","title":{"rendered":"Mejores listas de reproducci\u00f3n de Youtube"},"content":{"rendered":"\n<h1 class=\"has-text-align-center wp-block-heading\">Mejores listas de reproducci\u00f3n de Youtube<\/h1>\n\n\n\n<p><\/p>\n\n\n\n<figure class=\"wp-block-pullquote alignfull has-background\" style=\"background-color:#e2f0ff\"><blockquote><p>Aqu\u00ed dejo un link a las listas de reproducci\u00f3n de mi canal sobre diferentes tem\u00e1ticas. Con todos estos v\u00eddeos se puede hacer una buena introducci\u00f3n a la ingenier\u00eda aeroespacial.<\/p><\/blockquote><\/figure>\n\n\n\n<div class=\"wp-block-columns is-layout-flex wp-container-core-columns-is-layout-9d6595d7 wp-block-columns-is-layout-flex\">\n<div class=\"wp-block-column is-layout-flow wp-block-column-is-layout-flow\">\n<figure class=\"wp-block-embed is-type-video is-provider-youtube wp-block-embed-youtube wp-embed-aspect-16-9 wp-has-aspect-ratio\"><div class=\"wp-block-embed__wrapper\">\n<div class=\"nv-iframe-embed\"><iframe loading=\"lazy\" title=\"Los Portaviones son Increibles por Esto\" width=\"1200\" height=\"675\" src=\"https:\/\/www.youtube.com\/embed\/wmEcHCRUAx8?list=PLKiGAVcUrc3upIo2SCOMepjhgVi-FJ0Nt\" frameborder=\"0\" allow=\"accelerometer; autoplay; clipboard-write; encrypted-media; gyroscope; picture-in-picture; web-share\" allowfullscreen><\/iframe><\/div>\n<\/div><figcaption class=\"wp-element-caption\">Todo sobre los portaviones<\/figcaption><\/figure>\n<\/div>\n\n\n\n<div class=\"wp-block-column is-layout-flow wp-block-column-is-layout-flow\">\n<figure class=\"wp-block-embed is-type-video is-provider-youtube wp-block-embed-youtube wp-embed-aspect-16-9 wp-has-aspect-ratio\"><div class=\"wp-block-embed__wrapper\">\n<div class=\"nv-iframe-embed\"><iframe loading=\"lazy\" title=\"Los problemas para Dise\u00f1ar un Misil Hipers\u00f3nico\" width=\"1200\" height=\"675\" src=\"https:\/\/www.youtube.com\/embed\/MYVAxIJW8Cw?list=PLKiGAVcUrc3uU9IzpIRQq0dP7fuDsWoVv\" frameborder=\"0\" allow=\"accelerometer; autoplay; clipboard-write; encrypted-media; gyroscope; picture-in-picture; web-share\" allowfullscreen><\/iframe><\/div>\n<\/div><figcaption class=\"wp-element-caption\">Misiles Hipers\u00f3nicos<\/figcaption><\/figure>\n<\/div>\n\n\n\n<div class=\"wp-block-column is-layout-flow wp-block-column-is-layout-flow\">\n<figure class=\"wp-block-embed is-type-video is-provider-youtube wp-block-embed-youtube wp-embed-aspect-16-9 wp-has-aspect-ratio\"><div class=\"wp-block-embed__wrapper\">\n<div class=\"nv-iframe-embed\"><iframe loading=\"lazy\" title=\"\ud83d\ude80Todo sobre las Toberas CONVERGENTES DIVERGENTES\" width=\"1200\" height=\"675\" src=\"https:\/\/www.youtube.com\/embed\/CcXzZ-jYDWY?list=PLKiGAVcUrc3vKzYnFsBxcERiKYB3vqL9x\" frameborder=\"0\" allow=\"accelerometer; autoplay; clipboard-write; encrypted-media; gyroscope; picture-in-picture; web-share\" allowfullscreen><\/iframe><\/div>\n<\/div><figcaption class=\"wp-element-caption\">Todo sobre las toberas<\/figcaption><\/figure>\n<\/div>\n<\/div>\n\n\n\n<div class=\"wp-block-columns is-layout-flex wp-container-core-columns-is-layout-9d6595d7 wp-block-columns-is-layout-flex\">\n<div class=\"wp-block-column is-layout-flow wp-block-column-is-layout-flow\">\n<figure class=\"wp-block-embed is-type-video is-provider-youtube wp-block-embed-youtube wp-embed-aspect-16-9 wp-has-aspect-ratio\"><div class=\"wp-block-embed__wrapper\">\n<div class=\"nv-iframe-embed\"><iframe loading=\"lazy\" title=\"\ud83d\ude81Descubre C\u00f3mo VUELA un HELIC\u00d3PTERO Explicado por Ingeniero Aeroespacial 2021\" width=\"1200\" height=\"675\" src=\"https:\/\/www.youtube.com\/embed\/2ihpnKO8n8Q?list=PLKiGAVcUrc3v4YHkrQoX0UbOCvs0ABe5w\" frameborder=\"0\" allow=\"accelerometer; autoplay; clipboard-write; encrypted-media; gyroscope; picture-in-picture; web-share\" allowfullscreen><\/iframe><\/div>\n<\/div><figcaption class=\"wp-element-caption\">Todo sobre helic\u00f3pteros<\/figcaption><\/figure>\n<\/div>\n\n\n\n<div class=\"wp-block-column is-layout-flow wp-block-column-is-layout-flow\">\n<figure class=\"wp-block-embed is-type-video is-provider-youtube wp-block-embed-youtube wp-embed-aspect-16-9 wp-has-aspect-ratio\"><div class=\"wp-block-embed__wrapper\">\n<div class=\"nv-iframe-embed\"><iframe loading=\"lazy\" title=\"\u26a0\ufe0fELON MUSK Miente sobre Starship EARTH to EARTH\" width=\"1200\" height=\"675\" src=\"https:\/\/www.youtube.com\/embed\/xDhvlg7aIAs?list=PLKiGAVcUrc3ubFWzB_JJFWHVUbg3VBC6s\" frameborder=\"0\" allow=\"accelerometer; autoplay; clipboard-write; encrypted-media; gyroscope; picture-in-picture; web-share\" allowfullscreen><\/iframe><\/div>\n<\/div><figcaption class=\"wp-element-caption\">Todo sobre los cohetes espaciales<\/figcaption><\/figure>\n<\/div>\n\n\n\n<div class=\"wp-block-column is-layout-flow wp-block-column-is-layout-flow\">\n<figure class=\"wp-block-embed is-type-video is-provider-youtube wp-block-embed-youtube wp-embed-aspect-16-9 wp-has-aspect-ratio\"><div class=\"wp-block-embed__wrapper\">\n<div class=\"nv-iframe-embed\"><iframe loading=\"lazy\" title=\"\u2708\ufe0fINGENIER\u00cdA AEROESPACIAL NO te metas sin saber esto 2023\" width=\"1200\" height=\"675\" src=\"https:\/\/www.youtube.com\/embed\/SxDMogH7IaU?list=PLKiGAVcUrc3uv6dKRd-8z4SQ_Ogn_ZvjN\" frameborder=\"0\" allow=\"accelerometer; autoplay; clipboard-write; encrypted-media; gyroscope; picture-in-picture; web-share\" allowfullscreen><\/iframe><\/div>\n<\/div><figcaption class=\"wp-element-caption\">Todo sobre ingenier\u00eda aeroespacial <\/figcaption><\/figure>\n<\/div>\n<\/div>\n","protected":false},"excerpt":{"rendered":"<p>Mejores listas de reproducci\u00f3n de Youtube Aqu\u00ed dejo un link a las listas de reproducci\u00f3n de mi canal sobre diferentes tem\u00e1ticas. Con todos estos v\u00eddeos se puede hacer una buena introducci\u00f3n a la ingenier\u00eda aeroespacial.<\/p>\n","protected":false},"author":1,"featured_media":0,"parent":0,"menu_order":0,"comment_status":"closed","ping_status":"closed","template":"","meta":{"neve_meta_sidebar":"","neve_meta_container":"","neve_meta_enable_content_width":"","neve_meta_content_width":0,"neve_meta_title_alignment":"","neve_meta_author_avatar":"","neve_post_elements_order":"","neve_meta_disable_header":"","neve_meta_disable_footer":"","neve_meta_disable_title":"","footnotes":""},"class_list":["post-255","page","type-page","status-publish","hentry"],"_links":{"self":[{"href":"https:\/\/www.sergiohidalgo.site\/index.php\/wp-json\/wp\/v2\/pages\/255","targetHints":{"allow":["GET"]}}],"collection":[{"href":"https:\/\/www.sergiohidalgo.site\/index.php\/wp-json\/wp\/v2\/pages"}],"about":[{"href":"https:\/\/www.sergiohidalgo.site\/index.php\/wp-json\/wp\/v2\/types\/page"}],"author":[{"embeddable":true,"href":"https:\/\/www.sergiohidalgo.site\/index.php\/wp-json\/wp\/v2\/users\/1"}],"replies":[{"embeddable":true,"href":"https:\/\/www.sergiohidalgo.site\/index.php\/wp-json\/wp\/v2\/comments?post=255"}],"version-history":[{"count":10,"href":"https:\/\/www.sergiohidalgo.site\/index.php\/wp-json\/wp\/v2\/pages\/255\/revisions"}],"predecessor-version":[{"id":275,"href":"https:\/\/www.sergiohidalgo.site\/index.php\/wp-json\/wp\/v2\/pages\/255\/revisions\/275"}],"wp:attachment":[{"href":"https:\/\/www.sergiohidalgo.site\/index.php\/wp-json\/wp\/v2\/media?parent=255"}],"curies":[{"name":"wp","href":"https:\/\/api.w.org\/{rel}","templated":true}]}}